{"id":10,"date":"2024-07-05T08:05:28","date_gmt":"2024-07-05T08:05:28","guid":{"rendered":"https:\/\/bvadopt.se\/?page_id=10"},"modified":"2024-10-18T08:37:31","modified_gmt":"2024-10-18T08:37:31","slug":"barnens-vanner","status":"publish","type":"page","link":"https:\/\/bvadopt.se\/en\/","title":{"rendered":"Barnens V\u00e4nner"},"content":{"rendered":"<p><img loading=\"lazy\" decoding=\"async\" class=\"alignnone size-full wp-image-135\" src=\"https:\/\/bvadopt.se\/wp-content\/uploads\/2024\/10\/image12-2.webp\" alt=\"Barnens V\u00e4nner\" width=\"1200\" height=\"710\" srcset=\"https:\/\/bvadopt.se\/wp-content\/uploads\/2024\/10\/image12-2.webp 1200w, https:\/\/bvadopt.se\/wp-content\/uploads\/2024\/10\/image12-2-300x178.webp 300w, https:\/\/bvadopt.se\/wp-content\/uploads\/2024\/10\/image12-2-1024x606.webp 1024w, https:\/\/bvadopt.se\/wp-content\/uploads\/2024\/10\/image12-2-768x454.webp 768w\" sizes=\"auto, (max-width: 1200px) 100vw, 1200px\" \/><\/p>\n<p><em><strong>V\u00e4lkommen till Barnens V\u00e4nner \u2013 Din guide till barns v\u00e4lm\u00e5ende och utveckling<\/strong><\/em><\/p>\n<p>P\u00e5 Barnens V\u00e4nner brinner vi f\u00f6r att st\u00f6dja f\u00f6r\u00e4ldrar och v\u00e5rdgivare i deras viktiga roll att fostra och v\u00e4gleda n\u00e4sta generation. V\u00e5r webbplats \u00e4r skapad f\u00f6r att vara en p\u00e5litlig resurs och inspirationsk\u00e4lla f\u00f6r alla som vill fr\u00e4mja barns h\u00e4lsa, l\u00e4rande och lycka.<\/p>\n<h3>Aktiviteter f\u00f6r barn<\/h3>\n<p>Uppt\u00e4ck en v\u00e4rld av roliga och l\u00e4rorika <a href=\"https:\/\/bvadopt.se\/en\/aktiviteter-barn\/\">aktiviteter<\/a> som du kan g\u00f6ra tillsammans med dina barn, b\u00e5de inomhus och utomhus. Vi erbjuder en m\u00e4ngd olika pyssel och hantverk, anpassade f\u00f6r barn i olika \u00e5ldrar, samt s\u00e4songsbetonade utomhusaktiviteter som uppmuntrar till kreativitet och fysisk r\u00f6relse.<\/p>\n<ul>\n<li>Roliga och l\u00e4rorika aktiviteter att g\u00f6ra hemma.<\/li>\n<li>Tips p\u00e5 utomhusaktiviteter f\u00f6r olika \u00e5rstider.<\/li>\n<li>Pyssel och hantverk f\u00f6r barn i olika \u00e5ldrar.<\/li>\n<\/ul>\n<h3>H\u00e4lsa och v\u00e4lm\u00e5ende<\/h3>\n<p>Barns h\u00e4lsa \u00e4r en central del av v\u00e5r webbplats. H\u00e4r hittar du v\u00e4rdefulla tips f\u00f6r att skapa en balanserad kost, uppmuntra till regelbunden fysisk aktivitet och fr\u00e4mja mental h\u00e4lsa och v\u00e4lm\u00e5ende hos barn. Vi tror p\u00e5 att bygga goda vanor tidigt och erbjuder v\u00e4gledning f\u00f6r att st\u00f6dja barns \u00f6vergripande h\u00e4lsa.<\/p>\n<ul>\n<li>Barns h\u00e4lsa: tips f\u00f6r en balanserad kost.<\/li>\n<li>Fysisk aktivitet och motion f\u00f6r barn.<\/li>\n<li>Mental h\u00e4lsa och v\u00e4lm\u00e5ende hos barn.<\/li>\n<\/ul>\n<h3>Utbildning och l\u00e4rande<\/h3>\n<p>Att st\u00f6dja barns utbildning och l\u00e4rande \u00e4r en av v\u00e5ra huvudprioriteringar. Vi delar tips p\u00e5 pedagogiska leksaker och spel som g\u00f6r l\u00e4randet roligt och engagerande. Du kan ocks\u00e5 hitta r\u00e5d f\u00f6r hur du b\u00e4st hj\u00e4lper dina barn med l\u00e4xor och id\u00e9er f\u00f6r att introducera dem till vetenskap, konst och kultur.<\/p>\n<ul>\n<li>Pedagogiska leksaker och spel.<\/li>\n<li>Tips f\u00f6r att hj\u00e4lpa barn med l\u00e4xor.<\/li>\n<li>L\u00e4ra barn om vetenskap, konst och kultur.<\/li>\n<\/ul>\n<h3>Familjeliv<\/h3>\n<p>Vi vet att en stark och harmonisk familj \u00e4r grunden f\u00f6r barns v\u00e4lm\u00e5ende. P\u00e5 Barnens V\u00e4nner hittar du tips f\u00f6r att hantera f\u00f6r\u00e4ldrastress, balansera arbete och familjeliv samt skapa starka familjeband genom gemensamma aktiviteter och traditioner.<\/p>\n<ul>\n<li>Tips f\u00f6r f\u00f6r\u00e4ldrar: hur man hanterar stress.<\/li>\n<li>Balans mellan arbete och familjeliv.<\/li>\n<li>Skapa starka familjeband genom gemensamma aktiviteter.<\/li>\n<\/ul>\n<p><img loading=\"lazy\" decoding=\"async\" class=\"alignnone size-full wp-image-136\" src=\"https:\/\/bvadopt.se\/wp-content\/uploads\/2024\/10\/image13-1.webp\" alt=\"Familjeliv\" width=\"1200\" height=\"799\" srcset=\"https:\/\/bvadopt.se\/wp-content\/uploads\/2024\/10\/image13-1.webp 1200w, https:\/\/bvadopt.se\/wp-content\/uploads\/2024\/10\/image13-1-300x200.webp 300w, https:\/\/bvadopt.se\/wp-content\/uploads\/2024\/10\/image13-1-1024x682.webp 1024w, https:\/\/bvadopt.se\/wp-content\/uploads\/2024\/10\/image13-1-768x511.webp 768w\" sizes=\"auto, (max-width: 1200px) 100vw, 1200px\" \/><\/p>\n<h3>Utveckling och uppfostran<\/h3>\n<p>F\u00f6rst\u00e5else f\u00f6r barns utvecklingsfaser och positiv uppfostran \u00e4r avg\u00f6rande f\u00f6r att hj\u00e4lpa barn att blomstra. Vi erbjuder r\u00e5d om allt fr\u00e5n utvecklingsmilstolpar till effektiva kommunikationsstrategier, vilket hj\u00e4lper dig att lyssna p\u00e5 och f\u00f6rst\u00e5 ditt barn p\u00e5 ett djupare plan.<\/p>\n<ul>\n<li>Barns utvecklingsfaser och vad man kan f\u00f6rv\u00e4nta sig.<\/li>\n<li>Positiv uppfostran och disciplin.<\/li>\n<li>Kommunikation med barn: att lyssna och f\u00f6rst\u00e5.<\/li>\n<\/ul>\n<h3>Rekommendationer och recensioner<\/h3>\n<p>Hitta de b\u00e4sta barnb\u00f6ckerna, filmerna, TV-programmen och leksakerna genom v\u00e5ra noggrant sammanst\u00e4llda recensioner och rekommendationer. Vi testar och recenserar en m\u00e4ngd olika barnprodukter f\u00f6r att hj\u00e4lpa dig att g\u00f6ra v\u00e4lgrundade val.<\/p>\n<ul>\n<li>Recensioner av barnb\u00f6cker.<\/li>\n<li>Rekommendationer f\u00f6r barnv\u00e4nliga filmer och TV-program.<\/li>\n<li>Tester och recensioner av leksaker och barnprodukter.<\/li>\n<\/ul>\n<h3>Evenemang och resor<\/h3>\n<p>Planerar du en utflykt eller semester med barnen? Vi har tips p\u00e5 barnv\u00e4nliga resm\u00e5l och lokala evenemang som \u00e4r perfekta f\u00f6r familjer. Uppt\u00e4ck hur du kan planera den perfekta familjesemestern med v\u00e5ra reseguider och rekommendationer.<\/p>\n<ul>\n<li>Tips p\u00e5 barnv\u00e4nliga resm\u00e5l och utflykter.<\/li>\n<li>Lokala evenemang och aktiviteter f\u00f6r barnfamiljer.<\/li>\n<li>Planera den perfekta familjesemestern.<\/li>\n<\/ul>\n<h3>S\u00e4kerhet<\/h3>\n<p>Barnens s\u00e4kerhet \u00e4r alltid v\u00e5r h\u00f6gsta prioritet. L\u00e4r dig mer om hur du kan g\u00f6ra ditt hem barns\u00e4kert, skydda dina barn p\u00e5 n\u00e4tet och hantera n\u00f6dsituationer med v\u00e5ra s\u00e4kerhetstips och f\u00f6rsta hj\u00e4lpen-r\u00e5d.<\/p>\n<ul>\n<li>S\u00e4kerhet i hemmet f\u00f6r sm\u00e5barn.<\/li>\n<li>Internet- och cybers\u00e4kerhet f\u00f6r barn.<\/li>\n<li>F\u00f6rsta hj\u00e4lpen och vad man g\u00f6r vid olyckor.<\/li>\n<\/ul>\n<p><img loading=\"lazy\" decoding=\"async\" class=\"alignnone size-full wp-image-137\" src=\"https:\/\/bvadopt.se\/wp-content\/uploads\/2024\/10\/image14-2.webp\" alt=\"S\u00e4kerhet\" width=\"1200\" height=\"800\" srcset=\"https:\/\/bvadopt.se\/wp-content\/uploads\/2024\/10\/image14-2.webp 1200w, https:\/\/bvadopt.se\/wp-content\/uploads\/2024\/10\/image14-2-300x200.webp 300w, https:\/\/bvadopt.se\/wp-content\/uploads\/2024\/10\/image14-2-1024x683.webp 1024w, https:\/\/bvadopt.se\/wp-content\/uploads\/2024\/10\/image14-2-768x512.webp 768w\" sizes=\"auto, (max-width: 1200px) 100vw, 1200px\" \/><\/p>\n<h3>Gemenskap och st\u00f6d<\/h3>\n<p>P\u00e5 Barnens V\u00e4nner tror vi p\u00e5 styrkan i gemenskap. L\u00e4s inspirerande ber\u00e4ttelser fr\u00e5n andra f\u00f6r\u00e4ldrar, ta del av experters insikter inom barnutveckling och hitta st\u00f6dgrupper och resurser som kan hj\u00e4lpa dig p\u00e5 din f\u00f6r\u00e4ldraresa.<\/p>\n<ul>\n<li>Ber\u00e4ttelser fr\u00e5n andra f\u00f6r\u00e4ldrar och familjer.<\/li>\n<li>Intervjuer med experter inom barnutveckling.<\/li>\n<li>St\u00f6dgrupper och resurser f\u00f6r f\u00f6r\u00e4ldrar.<\/li>\n<\/ul>\n<p>Vi p\u00e5 Barnens V\u00e4nner \u00e4r h\u00e4r f\u00f6r att st\u00f6dja dig varje steg p\u00e5 v\u00e4gen. Tillsammans kan vi skapa en trygg och k\u00e4rleksfull milj\u00f6 d\u00e4r v\u00e5ra barn kan v\u00e4xa och trivas. V\u00e4lkommen till v\u00e5r gemenskap!<\/p>","protected":false},"excerpt":{"rendered":"<p>V\u00e4lkommen till Barnens V\u00e4nner \u2013 Din guide till barns v\u00e4lm\u00e5ende och utveckling P\u00e5 Barnens V\u00e4nner brinner vi f\u00f6r att st\u00f6dja f\u00f6r\u00e4ldrar och v\u00e5rdgivare i deras viktiga&#46;&#46;&#46;<\/p>","protected":false},"author":1,"featured_media":0,"parent":0,"menu_order":0,"comment_status":"closed","ping_status":"closed","template":"","meta":{"_yoast_wpseo_focuskw":"","_yoast_wpseo_title":"","_yoast_wpseo_metadesc":"","_yoast_wpseo_meta-robots-noindex":"","_yoast_wpseo_meta-robots-nofollow":"","_yoast_wpseo_canonical":"","_yoast_wpseo_opengraph-title":"","_yoast_wpseo_opengraph-description":"","_yoast_wpseo_twitter-title":"","_yoast_wpseo_twitter-description":"","footnotes":"","rank_math_description":"","rank_math_focus_keyword":"","rank_math_title":"","rank_math_canonical_url":"","rank_math_robots":"","rank_math_facebook_title":"","rank_math_facebook_description":"","rank_math_twitter_title":"","rank_math_twitter_description":""},"class_list":["post-10","page","type-page","status-publish","hentry"],"yoast_head":"<!-- This site is optimized with the Yoast SEO plugin v27.6 - https:\/\/yoast.com\/product\/yoast-seo-wordpress\/ -->\n<title>Barnens V\u00e4nner - Barnens v\u00e4nner<\/title>\n<meta name=\"robots\" content=\"index, follow, max-snippet:-1, max-image-preview:large, max-video-preview:-1\" \/>\n<link rel=\"canonical\" href=\"https:\/\/bvadopt.se\/en\/\" \/>\n<meta property=\"og:locale\" content=\"en_US\" \/>\n<meta property=\"og:type\" content=\"article\" \/>\n<meta property=\"og:title\" content=\"Barnens V\u00e4nner - Barnens v\u00e4nner\" \/>\n<meta property=\"og:description\" content=\"V\u00e4lkommen till Barnens V\u00e4nner \u2013 Din guide till barns v\u00e4lm\u00e5ende och utveckling P\u00e5 Barnens V\u00e4nner brinner vi f\u00f6r att st\u00f6dja f\u00f6r\u00e4ldrar och v\u00e5rdgivare i deras viktiga&#046;&#046;&#046;\" \/>\n<meta property=\"og:url\" content=\"https:\/\/bvadopt.se\/en\/\" \/>\n<meta property=\"og:site_name\" content=\"Barnens v\u00e4nner\" \/>\n<meta property=\"article:modified_time\" content=\"2024-10-18T08:37:31+00:00\" \/>\n<meta property=\"og:image\" content=\"https:\/\/bvadopt.se\/wp-content\/uploads\/2024\/10\/image12-2.webp\" \/>\n\t<meta property=\"og:image:width\" content=\"1200\" \/>\n\t<meta property=\"og:image:height\" content=\"710\" \/>\n\t<meta property=\"og:image:type\" content=\"image\/webp\" \/>\n<meta name=\"twitter:card\" content=\"summary_large_image\" \/>\n<meta name=\"twitter:label1\" content=\"Est. reading time\" \/>\n\t<meta name=\"twitter:data1\" content=\"4 minutes\" \/>\n<script type=\"application\/ld+json\" class=\"yoast-schema-graph\">{\"@context\":\"https:\\\/\\\/schema.org\",\"@graph\":[{\"@type\":\"WebPage\",\"@id\":\"https:\\\/\\\/bvadopt.se\\\/\",\"url\":\"https:\\\/\\\/bvadopt.se\\\/\",\"name\":\"Barnens V\u00e4nner - Barnens v\u00e4nner\",\"isPartOf\":{\"@id\":\"https:\\\/\\\/bvadopt.se\\\/#website\"},\"primaryImageOfPage\":{\"@id\":\"https:\\\/\\\/bvadopt.se\\\/#primaryimage\"},\"image\":{\"@id\":\"https:\\\/\\\/bvadopt.se\\\/#primaryimage\"},\"thumbnailUrl\":\"https:\\\/\\\/bvadopt.se\\\/wp-content\\\/uploads\\\/2024\\\/10\\\/image12-2.webp\",\"datePublished\":\"2024-07-05T08:05:28+00:00\",\"dateModified\":\"2024-10-18T08:37:31+00:00\",\"breadcrumb\":{\"@id\":\"https:\\\/\\\/bvadopt.se\\\/#breadcrumb\"},\"inLanguage\":\"en-US\",\"potentialAction\":[{\"@type\":\"ReadAction\",\"target\":[\"https:\\\/\\\/bvadopt.se\\\/\"]}]},{\"@type\":\"ImageObject\",\"inLanguage\":\"en-US\",\"@id\":\"https:\\\/\\\/bvadopt.se\\\/#primaryimage\",\"url\":\"https:\\\/\\\/bvadopt.se\\\/wp-content\\\/uploads\\\/2024\\\/10\\\/image12-2.webp\",\"contentUrl\":\"https:\\\/\\\/bvadopt.se\\\/wp-content\\\/uploads\\\/2024\\\/10\\\/image12-2.webp\"},{\"@type\":\"BreadcrumbList\",\"@id\":\"https:\\\/\\\/bvadopt.se\\\/#breadcrumb\",\"itemListElement\":[{\"@type\":\"ListItem\",\"position\":1,\"name\":\"Hem\",\"item\":\"https:\\\/\\\/bvadopt.se\\\/\"},{\"@type\":\"ListItem\",\"position\":2,\"name\":\"Barnens V\u00e4nner\"}]},{\"@type\":\"WebSite\",\"@id\":\"https:\\\/\\\/bvadopt.se\\\/#website\",\"url\":\"https:\\\/\\\/bvadopt.se\\\/\",\"name\":\"Barnens v\u00e4nner\",\"description\":\"\",\"publisher\":{\"@id\":\"https:\\\/\\\/bvadopt.se\\\/#organization\"},\"potentialAction\":[{\"@type\":\"SearchAction\",\"target\":{\"@type\":\"EntryPoint\",\"urlTemplate\":\"https:\\\/\\\/bvadopt.se\\\/?s={search_term_string}\"},\"query-input\":{\"@type\":\"PropertyValueSpecification\",\"valueRequired\":true,\"valueName\":\"search_term_string\"}}],\"inLanguage\":\"en-US\"},{\"@type\":\"Organization\",\"@id\":\"https:\\\/\\\/bvadopt.se\\\/#organization\",\"name\":\"Barnens v\u00e4nner\",\"url\":\"https:\\\/\\\/bvadopt.se\\\/\",\"logo\":{\"@type\":\"ImageObject\",\"inLanguage\":\"en-US\",\"@id\":\"https:\\\/\\\/bvadopt.se\\\/#\\\/schema\\\/logo\\\/image\\\/\",\"url\":\"https:\\\/\\\/bvadopt.se\\\/wp-content\\\/uploads\\\/2025\\\/10\\\/cropped-Barnens-vanner-logo.webp\",\"contentUrl\":\"https:\\\/\\\/bvadopt.se\\\/wp-content\\\/uploads\\\/2025\\\/10\\\/cropped-Barnens-vanner-logo.webp\",\"width\":438,\"height\":155,\"caption\":\"Barnens v\u00e4nner\"},\"image\":{\"@id\":\"https:\\\/\\\/bvadopt.se\\\/#\\\/schema\\\/logo\\\/image\\\/\"}}]}<\/script>\n<!-- \/ Yoast SEO plugin. -->","yoast_head_json":{"title":"Barnens V\u00e4nner - Barnens v\u00e4nner","robots":{"index":"index","follow":"follow","max-snippet":"max-snippet:-1","max-image-preview":"max-image-preview:large","max-video-preview":"max-video-preview:-1"},"canonical":"https:\/\/bvadopt.se\/en\/","og_locale":"en_US","og_type":"article","og_title":"Barnens V\u00e4nner - Barnens v\u00e4nner","og_description":"V\u00e4lkommen till Barnens V\u00e4nner \u2013 Din guide till barns v\u00e4lm\u00e5ende och utveckling P\u00e5 Barnens V\u00e4nner brinner vi f\u00f6r att st\u00f6dja f\u00f6r\u00e4ldrar och v\u00e5rdgivare i deras viktiga&#46;&#46;&#46;","og_url":"https:\/\/bvadopt.se\/en\/","og_site_name":"Barnens v\u00e4nner","article_modified_time":"2024-10-18T08:37:31+00:00","og_image":[{"width":1200,"height":710,"url":"https:\/\/bvadopt.se\/wp-content\/uploads\/2024\/10\/image12-2.webp","type":"image\/webp"}],"twitter_card":"summary_large_image","twitter_misc":{"Est. reading time":"4 minutes"},"schema":{"@context":"https:\/\/schema.org","@graph":[{"@type":"WebPage","@id":"https:\/\/bvadopt.se\/","url":"https:\/\/bvadopt.se\/","name":"Barnens V\u00e4nner - Barnens v\u00e4nner","isPartOf":{"@id":"https:\/\/bvadopt.se\/#website"},"primaryImageOfPage":{"@id":"https:\/\/bvadopt.se\/#primaryimage"},"image":{"@id":"https:\/\/bvadopt.se\/#primaryimage"},"thumbnailUrl":"https:\/\/bvadopt.se\/wp-content\/uploads\/2024\/10\/image12-2.webp","datePublished":"2024-07-05T08:05:28+00:00","dateModified":"2024-10-18T08:37:31+00:00","breadcrumb":{"@id":"https:\/\/bvadopt.se\/#breadcrumb"},"inLanguage":"en-US","potentialAction":[{"@type":"ReadAction","target":["https:\/\/bvadopt.se\/"]}]},{"@type":"ImageObject","inLanguage":"en-US","@id":"https:\/\/bvadopt.se\/#primaryimage","url":"https:\/\/bvadopt.se\/wp-content\/uploads\/2024\/10\/image12-2.webp","contentUrl":"https:\/\/bvadopt.se\/wp-content\/uploads\/2024\/10\/image12-2.webp"},{"@type":"BreadcrumbList","@id":"https:\/\/bvadopt.se\/#breadcrumb","itemListElement":[{"@type":"ListItem","position":1,"name":"Hem","item":"https:\/\/bvadopt.se\/"},{"@type":"ListItem","position":2,"name":"Barnens V\u00e4nner"}]},{"@type":"WebSite","@id":"https:\/\/bvadopt.se\/#website","url":"https:\/\/bvadopt.se\/","name":"Barnens v\u00e4nner","description":"","publisher":{"@id":"https:\/\/bvadopt.se\/#organization"},"potentialAction":[{"@type":"SearchAction","target":{"@type":"EntryPoint","urlTemplate":"https:\/\/bvadopt.se\/?s={search_term_string}"},"query-input":{"@type":"PropertyValueSpecification","valueRequired":true,"valueName":"search_term_string"}}],"inLanguage":"en-US"},{"@type":"Organization","@id":"https:\/\/bvadopt.se\/#organization","name":"Barnens v\u00e4nner","url":"https:\/\/bvadopt.se\/","logo":{"@type":"ImageObject","inLanguage":"en-US","@id":"https:\/\/bvadopt.se\/#\/schema\/logo\/image\/","url":"https:\/\/bvadopt.se\/wp-content\/uploads\/2025\/10\/cropped-Barnens-vanner-logo.webp","contentUrl":"https:\/\/bvadopt.se\/wp-content\/uploads\/2025\/10\/cropped-Barnens-vanner-logo.webp","width":438,"height":155,"caption":"Barnens v\u00e4nner"},"image":{"@id":"https:\/\/bvadopt.se\/#\/schema\/logo\/image\/"}}]}},"_links":{"self":[{"href":"https:\/\/bvadopt.se\/en\/wp-json\/wp\/v2\/pages\/10","targetHints":{"allow":["GET"]}}],"collection":[{"href":"https:\/\/bvadopt.se\/en\/wp-json\/wp\/v2\/pages"}],"about":[{"href":"https:\/\/bvadopt.se\/en\/wp-json\/wp\/v2\/types\/page"}],"author":[{"embeddable":true,"href":"https:\/\/bvadopt.se\/en\/wp-json\/wp\/v2\/users\/1"}],"replies":[{"embeddable":true,"href":"https:\/\/bvadopt.se\/en\/wp-json\/wp\/v2\/comments?post=10"}],"version-history":[{"count":4,"href":"https:\/\/bvadopt.se\/en\/wp-json\/wp\/v2\/pages\/10\/revisions"}],"predecessor-version":[{"id":138,"href":"https:\/\/bvadopt.se\/en\/wp-json\/wp\/v2\/pages\/10\/revisions\/138"}],"wp:attachment":[{"href":"https:\/\/bvadopt.se\/en\/wp-json\/wp\/v2\/media?parent=10"}],"curies":[{"name":"wp","href":"https:\/\/api.w.org\/{rel}","templated":true}]}}