{"id":143,"date":"2024-10-18T08:46:48","date_gmt":"2024-10-18T08:46:48","guid":{"rendered":"https:\/\/bvadopt.se\/?page_id=143"},"modified":"2024-10-18T08:46:48","modified_gmt":"2024-10-18T08:46:48","slug":"kontakt","status":"publish","type":"page","link":"https:\/\/bvadopt.se\/en\/kontakt\/","title":{"rendered":"Kontakt"},"content":{"rendered":"<p><img loading=\"lazy\" decoding=\"async\" class=\"alignnone size-full wp-image-144\" src=\"https:\/\/bvadopt.se\/wp-content\/uploads\/2024\/10\/image17-2.webp\" alt=\"Kontakta oss p\u00e5 barnens v\u00e4nner\" width=\"1200\" height=\"800\" srcset=\"https:\/\/bvadopt.se\/wp-content\/uploads\/2024\/10\/image17-2.webp 1200w, https:\/\/bvadopt.se\/wp-content\/uploads\/2024\/10\/image17-2-300x200.webp 300w, https:\/\/bvadopt.se\/wp-content\/uploads\/2024\/10\/image17-2-1024x683.webp 1024w, https:\/\/bvadopt.se\/wp-content\/uploads\/2024\/10\/image17-2-768x512.webp 768w\" sizes=\"auto, (max-width: 1200px) 100vw, 1200px\" \/><\/p>\n<p>Vi p\u00e5 <strong>Barnens V\u00e4nner<\/strong> vill g\u00e4rna h\u00f6ra fr\u00e5n dig! Har du fr\u00e5gor, funderingar, eller beh\u00f6ver du r\u00e5d och tips? Fyll i kontaktformul\u00e4ret nedan s\u00e5 \u00e5terkommer vi till dig s\u00e5 snart vi kan. Oavsett om du har synpunkter p\u00e5 v\u00e5rt inneh\u00e5ll, vill dela dina egna erfarenheter eller har f\u00f6rslag p\u00e5 hur vi kan f\u00f6rb\u00e4ttra v\u00e5r webbplats, \u00e4r vi h\u00e4r f\u00f6r att lyssna och hj\u00e4lpa.<\/p>\n<h4>Hur kan vi hj\u00e4lpa dig?<\/h4>\n<ul>\n<li>Har du fr\u00e5gor om barnuppfostran, h\u00e4lsa eller <a href=\"https:\/\/bvadopt.se\/en\/aktiviteter-barn\/\">aktiviteter<\/a> f\u00f6r barn?<\/li>\n<li>Beh\u00f6ver du tips om hur du kan balansera familjeliv och arbete?<\/li>\n<li>Vill du l\u00e4mna feedback p\u00e5 v\u00e5ra artiklar eller f\u00f6resl\u00e5 nya \u00e4mnen du vill l\u00e4sa om?<\/li>\n<\/ul>\n<p>Tveka inte att fylla i dina uppgifter i formul\u00e4ret och skriva din fr\u00e5ga eller ditt meddelande, s\u00e5 svarar vi s\u00e5 fort som m\u00f6jligt.<\/p>\n\n<div class=\"wpcf7 no-js\" id=\"wpcf7-f4-o1\" lang=\"sv-SE\" dir=\"ltr\" data-wpcf7-id=\"4\">\n<div class=\"screen-reader-response\"><p role=\"status\" aria-live=\"polite\" aria-atomic=\"true\"><\/p> <ul><\/ul><\/div>\n<form action=\"\/en\/wp-json\/wp\/v2\/pages\/143#wpcf7-f4-o1\" method=\"post\" class=\"wpcf7-form init\" aria-label=\"Kontaktformul\u00e4r\" novalidate=\"novalidate\" data-status=\"init\" data-trp-original-action=\"\/en\/wp-json\/wp\/v2\/pages\/143#wpcf7-f4-o1\">\n<fieldset class=\"hidden-fields-container\"><input type=\"hidden\" name=\"_wpcf7\" value=\"4\" \/><input type=\"hidden\" name=\"_wpcf7_version\" value=\"6.1.5\" \/><input type=\"hidden\" name=\"_wpcf7_locale\" value=\"sv_SE\" \/><input type=\"hidden\" name=\"_wpcf7_unit_tag\" value=\"wpcf7-f4-o1\" \/><input type=\"hidden\" name=\"_wpcf7_container_post\" value=\"0\" \/><input type=\"hidden\" name=\"_wpcf7_posted_data_hash\" value=\"\" \/>\n<\/fieldset>\n<p><label> Ditt namn<br \/>\n<span class=\"wpcf7-form-control-wrap\" data-name=\"your-name\"><input size=\"40\" maxlength=\"400\" class=\"wpcf7-form-control wpcf7-text wpcf7-validates-as-required\" autocomplete=\"name\" aria-required=\"true\" aria-invalid=\"false\" value=\"\" type=\"text\" name=\"your-name\" \/><\/span> <\/label>\n<\/p>\n<p><label> Din e-post<br \/>\n<span class=\"wpcf7-form-control-wrap\" data-name=\"your-email\"><input size=\"40\" maxlength=\"400\" class=\"wpcf7-form-control wpcf7-email wpcf7-validates-as-required wpcf7-text wpcf7-validates-as-email\" autocomplete=\"email\" aria-required=\"true\" aria-invalid=\"false\" value=\"\" type=\"email\" name=\"your-email\" \/><\/span> <\/label>\n<\/p>\n<p><label> \u00c4mne<br \/>\n<span class=\"wpcf7-form-control-wrap\" data-name=\"your-subject\"><input size=\"40\" maxlength=\"400\" class=\"wpcf7-form-control wpcf7-text wpcf7-validates-as-required\" aria-required=\"true\" aria-invalid=\"false\" value=\"\" type=\"text\" name=\"your-subject\" \/><\/span> <\/label>\n<\/p>\n<p><label> Ditt meddelande (valfritt)<br \/>\n<span class=\"wpcf7-form-control-wrap\" data-name=\"your-message\"><textarea cols=\"40\" rows=\"10\" maxlength=\"2000\" class=\"wpcf7-form-control wpcf7-textarea\" aria-invalid=\"false\" name=\"your-message\"><\/textarea><\/span> <\/label>\n<\/p>\n<p><input class=\"wpcf7-form-control wpcf7-submit has-spinner\" type=\"submit\" value=\"Skicka\" \/>\n<\/p><div class=\"wpcf7-response-output\" aria-hidden=\"true\"><\/div>\n<input type=\"hidden\" name=\"trp-form-language\" value=\"en\"\/><\/form>\n<\/div>\n\n<p>Tack f\u00f6r att du kontaktar oss p\u00e5 Barnens V\u00e4nner!<\/p>","protected":false},"excerpt":{"rendered":"<p>Vi p\u00e5 Barnens V\u00e4nner vill g\u00e4rna h\u00f6ra fr\u00e5n dig! Har du fr\u00e5gor, funderingar, eller beh\u00f6ver du r\u00e5d och tips? Fyll i kontaktformul\u00e4ret nedan s\u00e5 \u00e5terkommer vi&#46;&#46;&#46;<\/p>","protected":false},"author":1,"featured_media":0,"parent":0,"menu_order":0,"comment_status":"closed","ping_status":"closed","template":"","meta":{"_yoast_wpseo_focuskw":"","_yoast_wpseo_title":"","_yoast_wpseo_metadesc":"","_yoast_wpseo_meta-robots-noindex":"","_yoast_wpseo_meta-robots-nofollow":"","_yoast_wpseo_canonical":"","_yoast_wpseo_opengraph-title":"","_yoast_wpseo_opengraph-description":"","_yoast_wpseo_twitter-title":"","_yoast_wpseo_twitter-description":"","footnotes":"","rank_math_description":"","rank_math_focus_keyword":"","rank_math_title":"","rank_math_canonical_url":"","rank_math_robots":"","rank_math_facebook_title":"","rank_math_facebook_description":"","rank_math_twitter_title":"","rank_math_twitter_description":""},"class_list":["post-143","page","type-page","status-publish","hentry"],"yoast_head":"<!-- This site is optimized with the Yoast SEO plugin v27.6 - https:\/\/yoast.com\/product\/yoast-seo-wordpress\/ -->\n<title>Kontakt - Barnens v\u00e4nner<\/title>\n<meta name=\"robots\" content=\"index, follow, max-snippet:-1, max-image-preview:large, max-video-preview:-1\" \/>\n<link rel=\"canonical\" href=\"https:\/\/bvadopt.se\/en\/kontakt\/\" \/>\n<meta property=\"og:locale\" content=\"en_US\" \/>\n<meta property=\"og:type\" content=\"article\" \/>\n<meta property=\"og:title\" content=\"Kontakt - Barnens v\u00e4nner\" \/>\n<meta property=\"og:description\" content=\"Vi p\u00e5 Barnens V\u00e4nner vill g\u00e4rna h\u00f6ra fr\u00e5n dig! Har du fr\u00e5gor, funderingar, eller beh\u00f6ver du r\u00e5d och tips? Fyll i kontaktformul\u00e4ret nedan s\u00e5 \u00e5terkommer vi&#046;&#046;&#046;\" \/>\n<meta property=\"og:url\" content=\"https:\/\/bvadopt.se\/en\/kontakt\/\" \/>\n<meta property=\"og:site_name\" content=\"Barnens v\u00e4nner\" \/>\n<meta property=\"og:image\" content=\"https:\/\/bvadopt.se\/wp-content\/uploads\/2024\/10\/image17-2.webp\" \/>\n\t<meta property=\"og:image:width\" content=\"1200\" \/>\n\t<meta property=\"og:image:height\" content=\"800\" \/>\n\t<meta property=\"og:image:type\" content=\"image\/webp\" \/>\n<meta name=\"twitter:card\" content=\"summary_large_image\" \/>\n<meta name=\"twitter:label1\" content=\"Est. reading time\" \/>\n\t<meta name=\"twitter:data1\" content=\"1 minute\" \/>\n<script type=\"application\/ld+json\" class=\"yoast-schema-graph\">{\"@context\":\"https:\\\/\\\/schema.org\",\"@graph\":[{\"@type\":\"WebPage\",\"@id\":\"https:\\\/\\\/bvadopt.se\\\/kontakt\\\/\",\"url\":\"https:\\\/\\\/bvadopt.se\\\/kontakt\\\/\",\"name\":\"Kontakt - Barnens v\u00e4nner\",\"isPartOf\":{\"@id\":\"https:\\\/\\\/bvadopt.se\\\/#website\"},\"primaryImageOfPage\":{\"@id\":\"https:\\\/\\\/bvadopt.se\\\/kontakt\\\/#primaryimage\"},\"image\":{\"@id\":\"https:\\\/\\\/bvadopt.se\\\/kontakt\\\/#primaryimage\"},\"thumbnailUrl\":\"https:\\\/\\\/bvadopt.se\\\/wp-content\\\/uploads\\\/2024\\\/10\\\/image17-2.webp\",\"datePublished\":\"2024-10-18T08:46:48+00:00\",\"breadcrumb\":{\"@id\":\"https:\\\/\\\/bvadopt.se\\\/kontakt\\\/#breadcrumb\"},\"inLanguage\":\"en-US\",\"potentialAction\":[{\"@type\":\"ReadAction\",\"target\":[\"https:\\\/\\\/bvadopt.se\\\/kontakt\\\/\"]}]},{\"@type\":\"ImageObject\",\"inLanguage\":\"en-US\",\"@id\":\"https:\\\/\\\/bvadopt.se\\\/kontakt\\\/#primaryimage\",\"url\":\"https:\\\/\\\/bvadopt.se\\\/wp-content\\\/uploads\\\/2024\\\/10\\\/image17-2.webp\",\"contentUrl\":\"https:\\\/\\\/bvadopt.se\\\/wp-content\\\/uploads\\\/2024\\\/10\\\/image17-2.webp\"},{\"@type\":\"BreadcrumbList\",\"@id\":\"https:\\\/\\\/bvadopt.se\\\/kontakt\\\/#breadcrumb\",\"itemListElement\":[{\"@type\":\"ListItem\",\"position\":1,\"name\":\"Hem\",\"item\":\"https:\\\/\\\/bvadopt.se\\\/\"},{\"@type\":\"ListItem\",\"position\":2,\"name\":\"Kontakt\"}]},{\"@type\":\"WebSite\",\"@id\":\"https:\\\/\\\/bvadopt.se\\\/#website\",\"url\":\"https:\\\/\\\/bvadopt.se\\\/\",\"name\":\"Barnens v\u00e4nner\",\"description\":\"\",\"publisher\":{\"@id\":\"https:\\\/\\\/bvadopt.se\\\/#organization\"},\"potentialAction\":[{\"@type\":\"SearchAction\",\"target\":{\"@type\":\"EntryPoint\",\"urlTemplate\":\"https:\\\/\\\/bvadopt.se\\\/?s={search_term_string}\"},\"query-input\":{\"@type\":\"PropertyValueSpecification\",\"valueRequired\":true,\"valueName\":\"search_term_string\"}}],\"inLanguage\":\"en-US\"},{\"@type\":\"Organization\",\"@id\":\"https:\\\/\\\/bvadopt.se\\\/#organization\",\"name\":\"Barnens v\u00e4nner\",\"url\":\"https:\\\/\\\/bvadopt.se\\\/\",\"logo\":{\"@type\":\"ImageObject\",\"inLanguage\":\"en-US\",\"@id\":\"https:\\\/\\\/bvadopt.se\\\/#\\\/schema\\\/logo\\\/image\\\/\",\"url\":\"https:\\\/\\\/bvadopt.se\\\/wp-content\\\/uploads\\\/2025\\\/10\\\/cropped-Barnens-vanner-logo.webp\",\"contentUrl\":\"https:\\\/\\\/bvadopt.se\\\/wp-content\\\/uploads\\\/2025\\\/10\\\/cropped-Barnens-vanner-logo.webp\",\"width\":438,\"height\":155,\"caption\":\"Barnens v\u00e4nner\"},\"image\":{\"@id\":\"https:\\\/\\\/bvadopt.se\\\/#\\\/schema\\\/logo\\\/image\\\/\"}}]}<\/script>\n<!-- \/ Yoast SEO plugin. -->","yoast_head_json":{"title":"Kontakt - Barnens v\u00e4nner","robots":{"index":"index","follow":"follow","max-snippet":"max-snippet:-1","max-image-preview":"max-image-preview:large","max-video-preview":"max-video-preview:-1"},"canonical":"https:\/\/bvadopt.se\/en\/kontakt\/","og_locale":"en_US","og_type":"article","og_title":"Kontakt - Barnens v\u00e4nner","og_description":"Vi p\u00e5 Barnens V\u00e4nner vill g\u00e4rna h\u00f6ra fr\u00e5n dig! Har du fr\u00e5gor, funderingar, eller beh\u00f6ver du r\u00e5d och tips? Fyll i kontaktformul\u00e4ret nedan s\u00e5 \u00e5terkommer vi&#46;&#46;&#46;","og_url":"https:\/\/bvadopt.se\/en\/kontakt\/","og_site_name":"Barnens v\u00e4nner","og_image":[{"width":1200,"height":800,"url":"https:\/\/bvadopt.se\/wp-content\/uploads\/2024\/10\/image17-2.webp","type":"image\/webp"}],"twitter_card":"summary_large_image","twitter_misc":{"Est. reading time":"1 minute"},"schema":{"@context":"https:\/\/schema.org","@graph":[{"@type":"WebPage","@id":"https:\/\/bvadopt.se\/kontakt\/","url":"https:\/\/bvadopt.se\/kontakt\/","name":"Kontakt - Barnens v\u00e4nner","isPartOf":{"@id":"https:\/\/bvadopt.se\/#website"},"primaryImageOfPage":{"@id":"https:\/\/bvadopt.se\/kontakt\/#primaryimage"},"image":{"@id":"https:\/\/bvadopt.se\/kontakt\/#primaryimage"},"thumbnailUrl":"https:\/\/bvadopt.se\/wp-content\/uploads\/2024\/10\/image17-2.webp","datePublished":"2024-10-18T08:46:48+00:00","breadcrumb":{"@id":"https:\/\/bvadopt.se\/kontakt\/#breadcrumb"},"inLanguage":"en-US","potentialAction":[{"@type":"ReadAction","target":["https:\/\/bvadopt.se\/kontakt\/"]}]},{"@type":"ImageObject","inLanguage":"en-US","@id":"https:\/\/bvadopt.se\/kontakt\/#primaryimage","url":"https:\/\/bvadopt.se\/wp-content\/uploads\/2024\/10\/image17-2.webp","contentUrl":"https:\/\/bvadopt.se\/wp-content\/uploads\/2024\/10\/image17-2.webp"},{"@type":"BreadcrumbList","@id":"https:\/\/bvadopt.se\/kontakt\/#breadcrumb","itemListElement":[{"@type":"ListItem","position":1,"name":"Hem","item":"https:\/\/bvadopt.se\/"},{"@type":"ListItem","position":2,"name":"Kontakt"}]},{"@type":"WebSite","@id":"https:\/\/bvadopt.se\/#website","url":"https:\/\/bvadopt.se\/","name":"Barnens v\u00e4nner","description":"","publisher":{"@id":"https:\/\/bvadopt.se\/#organization"},"potentialAction":[{"@type":"SearchAction","target":{"@type":"EntryPoint","urlTemplate":"https:\/\/bvadopt.se\/?s={search_term_string}"},"query-input":{"@type":"PropertyValueSpecification","valueRequired":true,"valueName":"search_term_string"}}],"inLanguage":"en-US"},{"@type":"Organization","@id":"https:\/\/bvadopt.se\/#organization","name":"Barnens v\u00e4nner","url":"https:\/\/bvadopt.se\/","logo":{"@type":"ImageObject","inLanguage":"en-US","@id":"https:\/\/bvadopt.se\/#\/schema\/logo\/image\/","url":"https:\/\/bvadopt.se\/wp-content\/uploads\/2025\/10\/cropped-Barnens-vanner-logo.webp","contentUrl":"https:\/\/bvadopt.se\/wp-content\/uploads\/2025\/10\/cropped-Barnens-vanner-logo.webp","width":438,"height":155,"caption":"Barnens v\u00e4nner"},"image":{"@id":"https:\/\/bvadopt.se\/#\/schema\/logo\/image\/"}}]}},"_links":{"self":[{"href":"https:\/\/bvadopt.se\/en\/wp-json\/wp\/v2\/pages\/143","targetHints":{"allow":["GET"]}}],"collection":[{"href":"https:\/\/bvadopt.se\/en\/wp-json\/wp\/v2\/pages"}],"about":[{"href":"https:\/\/bvadopt.se\/en\/wp-json\/wp\/v2\/types\/page"}],"author":[{"embeddable":true,"href":"https:\/\/bvadopt.se\/en\/wp-json\/wp\/v2\/users\/1"}],"replies":[{"embeddable":true,"href":"https:\/\/bvadopt.se\/en\/wp-json\/wp\/v2\/comments?post=143"}],"version-history":[{"count":1,"href":"https:\/\/bvadopt.se\/en\/wp-json\/wp\/v2\/pages\/143\/revisions"}],"predecessor-version":[{"id":145,"href":"https:\/\/bvadopt.se\/en\/wp-json\/wp\/v2\/pages\/143\/revisions\/145"}],"wp:attachment":[{"href":"https:\/\/bvadopt.se\/en\/wp-json\/wp\/v2\/media?parent=143"}],"curies":[{"name":"wp","href":"https:\/\/api.w.org\/{rel}","templated":true}]}}